{"id":853,"date":"2017-08-24T02:18:08","date_gmt":"2017-08-24T02:18:08","guid":{"rendered":"https:\/\/biyikmedya.com\/insaat\/?page_id=853"},"modified":"2024-07-16T20:29:18","modified_gmt":"2024-07-16T17:29:18","slug":"hakkimizda","status":"publish","type":"page","link":"https:\/\/biyikmedya.com\/insaat\/hakkimizda\/","title":{"rendered":"Hakk\u0131m\u0131zda"},"content":{"rendered":"<div class=\"wpb-content-wrapper\"><p>[vc_row container_width=&#8221;limit&#8221; bg_overlay_mode=&#8221;color&#8221; bg_overlay_color=&#8221;rgba(252,252,252,0.95)&#8221; css=&#8221;.vc_custom_1719930802700{background-image: url(https:\/\/biyikmedya.com\/insaat\/wp-content\/uploads\/2017\/08\/bg-counter-1.jpg?id=481) !important;background-position: center !important;background-repeat: no-repeat !important;background-size: cover !important;}&#8221;][vc_column][gsf_space desktop=&#8221;100&#8243; tablet=&#8221;80&#8243; tablet_portrait=&#8221;70&#8243; mobile_landscape=&#8221;60&#8243; mobile=&#8221;60&#8243;][\/vc_column][vc_column width=&#8221;1\/3&#8243; offset=&#8221;vc_col-md-offset-1&#8243;][vc_single_image image=&#8221;2541&#8243; img_size=&#8221;large&#8221;][\/vc_column][vc_column width=&#8221;7\/12&#8243; offset=&#8221;vc_col-md-6&#8243; css=&#8221;.vc_custom_1719930774324{margin-right: 15px !important;margin-left: 15px !important;padding-right: 12px !important;padding-left: 12px !important;}&#8221;][gsf_heading sub_title=&#8221;&#8221; local_subtitle=&#8221;subtitle-bottom&#8221; text_align=&#8221;text-center&#8221; css=&#8221;.vc_custom_1721150653799{margin-bottom: 40px !important;}&#8221;]<\/p>\n<h5 class=\"heading_title heading-top\"><b>EM\u0130RO\u011eLU GRUP<\/b><\/h5>\n<p>[\/gsf_heading][vc_column_text css=&#8221;.vc_custom_1721150706260{margin-bottom: 45px !important;}&#8221;]Yar\u0131m asra dayanan tecr\u00fcbesinin \u0131\u015f\u0131\u011f\u0131nda g\u00fcn\u00fcm\u00fcz in\u015faat sekt\u00f6r\u00fcn\u00fcn \u00f6nde gelen firmalar\u0131 aras\u0131nda yer almay\u0131 ba\u015faran Emiro\u011flu Grup, g\u00fc\u00e7l\u00fc \u00f6z sermayesiyle ger\u00e7ekle\u015ftirdi\u011fi i\u015fyeri, konut ve \u00f6zel t\u00fcm projelerinde ayr\u0131cal\u0131kl\u0131 bir konumdad\u0131r.<\/p>\n<p>D\u00fcnden bug\u00fcne sekt\u00f6r\u00fcyle ilgili b\u00fct\u00fcn geli\u015fim ve yeniliklere h\u0131zla entegre olmay\u0131 ba\u015faran Emiro\u011flu Grup, geni\u015f vizyonu, \u00e7evreci yakla\u015f\u0131m\u0131 ve kaliteden \u00f6d\u00fcn vermeyen tavr\u0131yla aran\u0131lan ve tercih edilen bir marka haline gelmi\u015ftir.[\/vc_column_text][vc_column_text el_class=&#8221;text-capitalize&#8221; css=&#8221;.vc_custom_1719930731912{margin-bottom: 45px !important;}&#8221;]<\/p>\n<div class=\"flex-shrink-0 flex flex-col relative items-end\">\n<div>\n<div class=\"pt-0.5 juice:pt-0\">\n<div class=\"gizmo-bot-avatar flex h-6 w-6 items-center justify-center overflow-hidden rounded-full juice:h-8 juice:w-8\">\n<div class=\"relative p-1 rounded-sm flex items-center justify-center bg-token-main-surface-primary text-token-text-primary h-8 w-8\"><span style=\"letter-spacing: 0.03em;\">D\u00fcnya Standartlar\u0131nda Geli\u015fen \u0130n\u015faat Teknolojilerine Uygun Yap\u0131lar \u00dcreterek, Kaliteli \u00dcr\u00fcn \u0130le Kaliteli Hizmet Politikam\u0131z Ve G\u00fcvenilir D\u00fcr\u00fcst Kimli\u011fimiz \u0130le Buraday\u0131z\u2026.<\/span><\/div>\n<\/div>\n<\/div>\n<\/div>\n<\/div>\n<div class=\"group\/conversation-turn relative flex w-full min-w-0 flex-col agent-turn\">\n<div class=\"flex-col gap-1 md:gap-3\">\n<div class=\"flex flex-grow flex-col max-w-full\">\n<div class=\"min-h-[20px] text-message flex flex-col items-start whitespace-pre-wrap break-words [.text-message+&amp;]:mt-5 juice:w-full juice:items-end overflow-x-auto gap-2\" dir=\"auto\" data-message-author-role=\"assistant\" data-message-id=\"32d8e794-a025-4f28-a02a-1b4fbdd96ded\">\n<div class=\"flex w-full flex-col gap-1 juice:empty:hidden juice:first:pt-[3px]\">\n<div class=\"markdown prose w-full break-words dark:prose-invert dark\">\n<p>T\u00fcm Politika Ve Zaman\u0131nda Yerine Getirmi\u015f Oldu\u011fumuz T\u00fcm Taahh\u00fctlerimiz \u0130le De\u011fi\u015fime H\u0131zla Uyum Sa\u011flayan \u00dcretken, Verimli Ve G\u00fcven \u0130lkemiz \u0130le Sizlerin Yan\u0131nda Olmaya Devam Edece\u011fiz.<\/p>\n<\/div>\n<\/div>\n<\/div>\n<\/div>\n<\/div>\n<\/div>\n<p>[\/vc_column_text][gsf_button title=&#8221;\u0130leti\u015fime Ge\u00e7in&#8221; color=&#8221;black&#8221; size=&#8221;md&#8221; align=&#8221;left&#8221; link=&#8221;url:https%3A%2F%2Fbiyikmedya.com%2Finsaat%2Filetisim%2F|title:%C4%B0leti%C5%9Fim&#8221;][\/vc_column][vc_column][gsf_space desktop=&#8221;71&#8243; tablet=&#8221;50&#8243; tablet_portrait=&#8221;40&#8243; mobile_landscape=&#8221;40&#8243; mobile=&#8221;40&#8243;][\/vc_column][vc_column][vc_row_inner][vc_column_inner width=&#8221;1\/2&#8243; offset=&#8221;vc_col-md-3&#8243;][gsf_counter icon_font=&#8221;flaticon-broker&#8221; start=&#8221;100&#8243; end=&#8221;7000&#8243; decimals=&#8221;&#8221; separator=&#8221;&#8221; decimal=&#8221;&#8221; suffix=&#8221;+&#8221; title=&#8221;Mutlu M\u00fc\u015fteri&#8221;][\/vc_column_inner][vc_column_inner el_class=&#8221;xs-mg-top-20&#8243; width=&#8221;1\/2&#8243; offset=&#8221;vc_col-md-3&#8243;][gsf_counter icon_font=&#8221;flaticon-house-10&#8243; end=&#8221;18&#8243; separator=&#8221;&#8221; decimal=&#8221;&#8221; title=&#8221;Y\u0131llar\u0131n Deneyimi&#8221;][\/vc_column_inner][vc_column_inner el_class=&#8221;xs-mg-top-20,sm-mg-top-30&#8243; width=&#8221;1\/2&#8243; offset=&#8221;vc_col-md-3&#8243;][gsf_counter icon_font=&#8221;flaticon-engineer-1&#8243; start=&#8221;10&#8243; end=&#8221;100&#8243; separator=&#8221;&#8221; decimal=&#8221;&#8221; suffix=&#8221;+&#8221; title=&#8221;Profesyonel Hizmet&#8221;][\/vc_column_inner][vc_column_inner el_class=&#8221;xs-mg-top-20,sm-mg-top-30&#8243; width=&#8221;1\/2&#8243; offset=&#8221;vc_col-md-3&#8243;][gsf_counter icon_font=&#8221;flaticon-helmet-1&#8243; end=&#8221;50&#8243; separator=&#8221;&#8221; decimal=&#8221;&#8221; suffix=&#8221;+&#8221; title=&#8221;Tamamlanan Projeler&#8221;][\/vc_column_inner][\/vc_row_inner][\/vc_column][\/vc_row][vc_row][vc_column][gsf_space desktop=&#8221;100&#8243; tablet=&#8221;80&#8243; tablet_portrait=&#8221;70&#8243; mobile_landscape=&#8221;60&#8243; mobile=&#8221;60&#8243;][\/vc_column][vc_column css=&#8221;.vc_custom_1501814696756{margin-bottom: 40px !important;}&#8221;][gsf_heading sub_title=&#8221;&#8221; local_subtitle=&#8221;subtitle-bottom&#8221; text_align=&#8221;text-center&#8221;]<span style=\"text-transform: uppercase;\"><b>Emiro\u011flu grup<\/b><\/span>[\/gsf_heading][\/vc_column][vc_column][gsf_slider_container nav=&#8221;&#8221; autoplay=&#8221;on&#8221; columns=&#8221;3&#8243; columns_md=&#8221;3&#8243; columns_sm=&#8221;2&#8243; columns_xs=&#8221;1&#8243; columns_mb=&#8221;1&#8243;][gsf_feature_box image=&#8221;2547&#8243; text_align=&#8221;text-left&#8221; link=&#8221;url:%23|||&#8221; feature_images=&#8221;108&#8243; title=&#8221;De\u011ferlerimiz&#8221;]Emiro\u011flu Grup, mimari nitelik ve konfor \u00f6nceliklerini temel alarak konut, i\u015f yeri ve \u00f6zel projelere ayr\u0131cal\u0131k kazand\u0131ran bir yakla\u015f\u0131mla \u00e7al\u0131\u015fmaktad\u0131r.[\/gsf_feature_box][gsf_feature_box image=&#8221;2546&#8243; text_align=&#8221;text-left&#8221; link=&#8221;url:%23|||&#8221; feature_images=&#8221;127&#8243; title=&#8221;Misyonumuz&#8221;]Emiro\u011flu Grup olarak, in\u015faat sekt\u00f6r\u00fcnde mimari nitelik ve konfor \u00f6nceliklerini bir araya getirerek, konut, i\u015f yeri ve \u00f6zel projelere ayr\u0131cal\u0131k katmay\u0131 misyon edindik.[\/gsf_feature_box][gsf_feature_box image=&#8221;2545&#8243; text_align=&#8221;text-left&#8221; link=&#8221;url:%23|||&#8221; feature_images=&#8221;417&#8243; title=&#8221;Vizyonumuz&#8221;]Emiro\u011flu Grup\u2019un vizyonu, in\u015faat sekt\u00f6r\u00fcnde mimari kalite ve konforu birle\u015ftirerek, \u0130stanbul\u2019un en \u00f6zel b\u00f6lgelerinde ya\u015fam alanlar\u0131 in\u015fa etmeye devam etmektir.[\/gsf_feature_box][\/gsf_slider_container][gsf_space desktop=&#8221;92&#8243; tablet=&#8221;70&#8243; tablet_portrait=&#8221;60&#8243; mobile_landscape=&#8221;50&#8243; mobile=&#8221;50&#8243;][\/vc_column][\/vc_row]<\/p>\n<\/div>","protected":false},"excerpt":{"rendered":"<p>[vc_row container_width=&#8221;limit&#8221; bg_overlay_mode=&#8221;color&#8221; bg_overlay_color=&#8221;rgba(252,252,252,0.95)&#8221; css=&#8221;.vc_custom_1719930802700{background-image: url(https:\/\/biyikmedya.com\/insaat\/wp-content\/uploads\/2017\/08\/bg-counter-1.jpg?id=481) !important;background-position: center !important;background-repeat: no-repeat !important;background-size: cover !important;}&#8221;][vc_column][gsf_space desktop=&#8221;100&#8243; tablet=&#8221;80&#8243; tablet_portrait=&#8221;70&#8243; mobile_landscape=&#8221;60&#8243; mobile=&#8221;60&#8243;][\/vc_column][vc_column width=&#8221;1\/3&#8243; offset=&#8221;vc_col-md-offset-1&#8243;][vc_single_image image=&#8221;2541&#8243; img_size=&#8221;large&#8221;][\/vc_column][vc_column width=&#8221;7\/12&#8243; offset=&#8221;vc_col-md-6&#8243; css=&#8221;.vc_custom_1719930774324{margin-right: 15px !important;margin-left: 15px !important;padding-right: 12px !important;padding-left: 12px !important;}&#8221;][gsf_heading sub_title=&#8221;&#8221; local_subtitle=&#8221;subtitle-bottom&#8221; text_align=&#8221;text-center&#8221; css=&#8221;.vc_custom_1721150653799{margin-bottom: 40px !important;}&#8221;] EM\u0130RO\u011eLU GRUP [\/gsf_heading][vc_column_text css=&#8221;.vc_custom_1721150706260{margin-bottom: 45px !important;}&#8221;]Yar\u0131m asra dayanan tecr\u00fcbesinin \u0131\u015f\u0131\u011f\u0131nda g\u00fcn\u00fcm\u00fcz in\u015faat sekt\u00f6r\u00fcn\u00fcn \u00f6nde gelen firmalar\u0131 [&hellip;]<\/p>\n","protected":false},"author":1,"featured_media":0,"parent":0,"menu_order":0,"comment_status":"closed","ping_status":"closed","template":"","meta":{"footnotes":""},"class_list":["post-853","page","type-page","status-publish","hentry"],"_links":{"self":[{"href":"https:\/\/biyikmedya.com\/insaat\/wp-json\/wp\/v2\/pages\/853","targetHints":{"allow":["GET"]}}],"collection":[{"href":"https:\/\/biyikmedya.com\/insaat\/wp-json\/wp\/v2\/pages"}],"about":[{"href":"https:\/\/biyikmedya.com\/insaat\/wp-json\/wp\/v2\/types\/page"}],"author":[{"embeddable":true,"href":"https:\/\/biyikmedya.com\/insaat\/wp-json\/wp\/v2\/users\/1"}],"replies":[{"embeddable":true,"href":"https:\/\/biyikmedya.com\/insaat\/wp-json\/wp\/v2\/comments?post=853"}],"version-history":[{"count":18,"href":"https:\/\/biyikmedya.com\/insaat\/wp-json\/wp\/v2\/pages\/853\/revisions"}],"predecessor-version":[{"id":2552,"href":"https:\/\/biyikmedya.com\/insaat\/wp-json\/wp\/v2\/pages\/853\/revisions\/2552"}],"wp:attachment":[{"href":"https:\/\/biyikmedya.com\/insaat\/wp-json\/wp\/v2\/media?parent=853"}],"curies":[{"name":"wp","href":"https:\/\/api.w.org\/{rel}","templated":true}]}}