{"id":309,"date":"2017-07-31T07:12:10","date_gmt":"2017-07-31T07:12:10","guid":{"rendered":"https:\/\/biyikmedya.com\/insaat\/?page_id=309"},"modified":"2024-07-16T21:22:46","modified_gmt":"2024-07-16T18:22:46","slug":"home-1","status":"publish","type":"page","link":"https:\/\/biyikmedya.com\/insaat\/","title":{"rendered":"Anasayfa"},"content":{"rendered":"<div class=\"wpb-content-wrapper\"><p>[vc_row][vc_column][rev_slider_vc alias=&#8221;slider-1&#8243; el_class=&#8221;mg-bottom-0&#8243;][\/vc_column][\/vc_row][vc_row bg_overlay_mode=&#8221;color&#8221; bg_overlay_color=&#8221;rgba(252,252,252,0.95)&#8221; css=&#8221;.vc_custom_1502071736066{background-image: url(https:\/\/biyikmedya.com\/insaat\/wp-content\/uploads\/2017\/08\/bg-counter-1.jpg?id=481) !important;background-position: center !important;background-repeat: no-repeat !important;background-size: cover !important;}&#8221;][vc_column][gsf_space desktop=&#8221;100&#8243; tablet=&#8221;80&#8243; tablet_portrait=&#8221;70&#8243; mobile_landscape=&#8221;60&#8243; mobile=&#8221;60&#8243;][\/vc_column][vc_column width=&#8221;1\/3&#8243; offset=&#8221;vc_col-md-offset-1&#8243;][vc_single_image image=&#8221;2541&#8243; img_size=&#8221;large&#8221;][\/vc_column][vc_column width=&#8221;7\/12&#8243; offset=&#8221;vc_col-md-6&#8243;][gsf_heading sub_title=&#8221;&#8221; local_subtitle=&#8221;subtitle-bottom&#8221; text_align=&#8221;text-center&#8221;]<span style=\"text-transform: uppercase;\"><b>Emiro\u011flu gRUP<\/b><\/span>[\/gsf_heading][vc_column_text css=&#8221;.vc_custom_1717419440306{margin-bottom: 45px !important;}&#8221;]G\u00fcn\u00fcm\u00fcz mimari \u00f6zelliklerinin nitelik ve konfor \u00f6nceliklerini konut, i\u015f yeri ve t\u00fcm \u00f6zel projelerine ayr\u0131cal\u0131k kazand\u0131racak \u015fekilde uygulayan Emiro\u011flu Grup, in\u015faat sekt\u00f6r\u00fcn\u00fcn \u00f6nemli markalar\u0131 aras\u0131nda yerini alm\u0131\u015ft\u0131r.<\/p>\n<p>Ger\u00e7ekle\u015ftirdi\u011fi b\u00fct\u00fcn projelerini \u0130stanbul&#8217;un en nadide ve en \u00f6zel noktalar\u0131na konumland\u0131rarak sakinlerine \u0130stanbul&#8217;lu olman\u0131n ve \u0130stanbul&#8217;u ya\u015faman\u0131n ayr\u0131cal\u0131\u011f\u0131n\u0131 sunmaktad\u0131r.<\/p>\n<p>\u015eehrin i\u00e7inde adeta \u015fehrin d\u0131\u015f\u0131ndaym\u0131\u015fcas\u0131na huzurlu, dinamik, e\u011flenceli, heyecanl\u0131 ve hareketli bir ya\u015fam arzulayan herkesin kendini bulabilece\u011fi ya\u015fam alanlar\u0131 in\u015fa eden Emiro\u011flu Grup, konforun sundu\u011fu b\u00fct\u00fcn detaylar\u0131 \u00fcst\u00fcn kalite ve \u015f\u0131kl\u0131k anlay\u0131\u015f\u0131yla sunmaktad\u0131r.[\/vc_column_text][gsf_button title=&#8221;Hakk\u0131m\u0131zda&#8221; color=&#8221;black&#8221; size=&#8221;md&#8221; align=&#8221;left&#8221; el_class=&#8221;custom-color&#8221; link=&#8221;url:https%3A%2F%2Fbiyikmedya.com%2Finsaat%2Fhakkimizda%2F|title:Hakk%C4%B1m%C4%B1zda&#8221;][\/vc_column][vc_column][gsf_space desktop=&#8221;71&#8243; tablet=&#8221;50&#8243; tablet_portrait=&#8221;40&#8243; mobile_landscape=&#8221;30&#8243; mobile=&#8221;30&#8243;][\/vc_column][vc_column][vc_row_inner][vc_column_inner width=&#8221;1\/2&#8243; offset=&#8221;vc_col-md-3&#8243;][gsf_counter icon_font=&#8221;flaticon-broker&#8221; start=&#8221;100&#8243; end=&#8221;7000&#8243; decimals=&#8221;&#8221; separator=&#8221;&#8221; decimal=&#8221;&#8221; suffix=&#8221;+&#8221; title=&#8221;Mutlu Ev Sahibi&#8221;][\/vc_column_inner][vc_column_inner el_class=&#8221;xs-mg-top-20&#8243; width=&#8221;1\/2&#8243; offset=&#8221;vc_col-md-3&#8243;][gsf_counter icon_font=&#8221;flaticon-house-10&#8243; end=&#8221;18&#8243; separator=&#8221;&#8221; decimal=&#8221;&#8221; title=&#8221;Y\u0131ll\u0131k Deneyim&#8221;][\/vc_column_inner][vc_column_inner el_class=&#8221;xs-mg-top-20,sm-mg-top-30&#8243; width=&#8221;1\/2&#8243; offset=&#8221;vc_col-md-3&#8243;][gsf_counter icon_font=&#8221;flaticon-engineer-1&#8243; start=&#8221;10&#8243; end=&#8221;100&#8243; separator=&#8221;&#8221; decimal=&#8221;&#8221; suffix=&#8221;+&#8221; title=&#8221;Profesyonel Hizmet&#8221;][\/vc_column_inner][vc_column_inner el_class=&#8221;xs-mg-top-20,sm-mg-top-30&#8243; width=&#8221;1\/2&#8243; offset=&#8221;vc_col-md-3&#8243;][gsf_counter icon_font=&#8221;flaticon-helmet-1&#8243; end=&#8221;50&#8243; separator=&#8221;&#8221; decimal=&#8221;&#8221; suffix=&#8221;+&#8221; title=&#8221;Tamamlanan Projeler&#8221;][\/vc_column_inner][\/vc_row_inner][\/vc_column][vc_column][gsf_space desktop=&#8221;100&#8243; tablet=&#8221;80&#8243; tablet_portrait=&#8221;70&#8243; mobile_landscape=&#8221;60&#8243; mobile=&#8221;60&#8243;][\/vc_column][\/vc_row][vc_row][vc_column][gsf_space desktop=&#8221;100&#8243; tablet=&#8221;80&#8243; tablet_portrait=&#8221;70&#8243; mobile_landscape=&#8221;60&#8243; mobile=&#8221;60&#8243;][\/vc_column][vc_column css=&#8221;.vc_custom_1501814696756{margin-bottom: 40px !important;}&#8221;][gsf_heading sub_title=&#8221;&#8221; local_subtitle=&#8221;subtitle-bottom&#8221; text_align=&#8221;text-center&#8221;]<span style=\"text-transform: uppercase;\"><b>Emiro\u011flu grup<\/b><\/span>[\/gsf_heading][\/vc_column][vc_column][gsf_slider_container nav=&#8221;&#8221; autoplay=&#8221;on&#8221; columns=&#8221;3&#8243; columns_md=&#8221;3&#8243; columns_sm=&#8221;2&#8243; columns_xs=&#8221;1&#8243; columns_mb=&#8221;1&#8243;][gsf_feature_box image=&#8221;2547&#8243; text_align=&#8221;text-left&#8221; link=&#8221;url:%23|||&#8221; feature_images=&#8221;108&#8243; title=&#8221;De\u011ferlerimiz&#8221;]Emiro\u011flu Grup, mimari nitelik ve konfor \u00f6nceliklerini temel alarak konut, i\u015f yeri ve \u00f6zel projelere ayr\u0131cal\u0131k kazand\u0131ran bir yakla\u015f\u0131mla \u00e7al\u0131\u015fmaktad\u0131r.[\/gsf_feature_box][gsf_feature_box image=&#8221;2546&#8243; text_align=&#8221;text-left&#8221; link=&#8221;url:%23|||&#8221; feature_images=&#8221;127&#8243; title=&#8221;Misyonumuz&#8221;]Emiro\u011flu Grup olarak, in\u015faat sekt\u00f6r\u00fcnde mimari nitelik ve konfor \u00f6nceliklerini bir araya getirerek, konut, i\u015f yeri ve \u00f6zel projelere ayr\u0131cal\u0131k katmay\u0131 misyon edindik.[\/gsf_feature_box][gsf_feature_box image=&#8221;2545&#8243; text_align=&#8221;text-left&#8221; link=&#8221;url:%23|||&#8221; feature_images=&#8221;417&#8243; title=&#8221;Vizyonumuz&#8221;]Emiro\u011flu Grup\u2019un vizyonu, in\u015faat sekt\u00f6r\u00fcnde mimari kalite ve konforu birle\u015ftirerek, \u0130stanbul\u2019un en \u00f6zel b\u00f6lgelerinde ya\u015fam alanlar\u0131 in\u015fa etmeye devam etmektir.[\/gsf_feature_box][\/gsf_slider_container][gsf_space desktop=&#8221;92&#8243; tablet=&#8221;70&#8243; tablet_portrait=&#8221;60&#8243; mobile_landscape=&#8221;50&#8243; mobile=&#8221;50&#8243;][\/vc_column][\/vc_row][vc_row color_skin=&#8221;skin-dark&#8221; content_width=&#8221;full&#8221; css=&#8221;.vc_custom_1717854823899{background-color: #009ddc !important;}&#8221;][vc_column][gsf_space desktop=&#8221;92&#8243; tablet=&#8221;80&#8243; tablet_portrait=&#8221;70&#8243; mobile_landscape=&#8221;60&#8243; mobile=&#8221;60&#8243;][vc_column_text]<\/p>\n<h4 class=\"mg-top-0 mg-bottom-10 primary-font fs-30\" style=\"text-align: center;\">PROJELER\u0130M\u0130Z<\/h4>\n<h4 class=\"mg-top-0 mg-bottom-10 fs-15 fw-normal\" style=\"text-align: center;\">EM\u0130RO\u011eLU GRUP<\/h4>\n<p>[\/vc_column_text][\/vc_column][vc_column el_class=&#8221;portfolio-column-wrap&#8221;][gsf_projects category=&#8221;avm,konut,ofis&#8221; show_category_filter=&#8221;on&#8221; portfolio_per_page=&#8221;6&#8243; portfolio_columns_gutter=&#8221;none&#8221; portfolio_animation=&#8221;&#8221; css_animation=&#8221;bottom-to-top&#8221; el_class=&#8221;lg-mg-bottom-neg-217,md-mg-bottom-neg-150,xs-mg-bottom-neg-100,lg-mg-160,container,mg-auto&#8221;][\/vc_column][\/vc_row][vc_row][vc_column][gsf_space desktop=&#8221;297&#8243; tablet=&#8221;220&#8243; tablet_portrait=&#8221;210&#8243; mobile_landscape=&#8221;160&#8243; mobile=&#8221;160&#8243;][\/vc_column][vc_column el_class=&#8221;max-width-450&#8243;][gsf_button title=&#8221;\u0130leti\u015fime Ge\u00e7&#8221; size=&#8221;md&#8221; el_class=&#8221;custom-color&#8221; css=&#8221;.vc_custom_1719333905210{margin-right: 5px !important;margin-bottom: 10px !important;}&#8221; link=&#8221;url:https%3A%2F%2Fbiyikmedya.com%2Finsaat%2Filetisim%2F&#8221;][gsf_button title=&#8221;Devam Eden Projelerimiz&#8221; color=&#8221;black&#8221; size=&#8221;md&#8221; link=&#8221;url:https%3A%2F%2Fbiyikmedya.com%2Finsaat%2Fdevam-eden-projelerimiz%2F|title:Devam%20Eden%20Projelerimiz&#8221;][gsf_button title=&#8221;Tamamlanan Projeler&#8221; color=&#8221;black&#8221; size=&#8221;md&#8221; link=&#8221;url:https%3A%2F%2Fbiyikmedya.com%2Finsaat%2Ftamamlanan-projelerimiz%2F|title:Devam%20Eden%20Projelerimiz&#8221; css=&#8221;.vc_custom_1719909046761{margin-top: 10px !important;}&#8221;][\/vc_column][vc_column][gsf_space desktop=&#8221;90&#8243; tablet=&#8221;80&#8243; tablet_portrait=&#8221;70&#8243; mobile_landscape=&#8221;60&#8243; mobile=&#8221;60&#8243;][\/vc_column][\/vc_row][vc_row color_skin=&#8221;skin-dark&#8221; parallax=&#8221;content-moving&#8221; bg_overlay_mode=&#8221;color&#8221; bg_overlay_color=&#8221;rgba(0,0,0,0.8)&#8221; css=&#8221;.vc_custom_1504144275494{background-image: url(https:\/\/biyikmedya.com\/insaat\/wp-content\/uploads\/2017\/08\/bg-iconbox-1.jpg?id=326) !important;background-position: center;background-repeat: no-repeat !important;background-size: cover !important;}&#8221;][vc_column][gsf_space desktop=&#8221;90&#8243; tablet=&#8221;70&#8243; tablet_portrait=&#8221;60&#8243; mobile_landscape=&#8221;60&#8243; mobile=&#8221;60&#8243;][gsf_heading sub_title=&#8221;Sa\u011flam ve Modern Yap\u0131lar&#8221; local_subtitle=&#8221;subtitle-bottom&#8221; text_align=&#8221;text-center&#8221; title=&#8221;Certificates of RubyBuild&#8221;]Emiro\u011flu Grup Hizmetleri[\/gsf_heading][gsf_slider_container nav=&#8221;&#8221; columns=&#8221;3&#8243; columns_md=&#8221;3&#8243; columns_sm=&#8221;2&#8243; columns_xs=&#8221;1&#8243; columns_mb=&#8221;1&#8243; css=&#8221;.vc_custom_1719828491340{margin-top: 50px !important;}&#8221;][gsf_icon_box icon_font=&#8221;flaticon-building&#8221; title=&#8221;OF\u0130S&#8221; description=&#8221;Modern ve i\u015flevsel ofis yap\u0131lar\u0131 in\u015fa ediyoruz. Ofis binalar\u0131, i\u015f merkezleri ve \u00e7al\u0131\u015fma alanlar\u0131 gibi projelerimizde en y\u00fcksek verimlilik ve konfor standartlar\u0131n\u0131 uyguluyoruz.&#8221; box_shadow_hover=&#8221;true&#8221; link=&#8221;url:%23|||&#8221;][gsf_icon_box icon_font=&#8221;flaticon-house-6&#8243; title=&#8221;KONUT&#8221; description=&#8221;Modern ve g\u00fcvenli konutlar in\u015fa ediyoruz. Daireler, villalar ve rezidanslar gibi yap\u0131lar\u0131m\u0131zda en y\u00fcksek ya\u015fam standartlar\u0131n\u0131 uyguluyoruz.&#8221; box_shadow_hover=&#8221;true&#8221; link=&#8221;url:%23|||&#8221;][gsf_icon_box icon_font=&#8221;flaticon-skyline&#8221; title=&#8221;AVM&#8221; description=&#8221;Modern ve \u00e7ekici al\u0131\u015fveri\u015f merkezleri in\u015fa ediyoruz. AVM, ticaret merkezleri gibi yap\u0131lar\u0131m\u0131zda m\u00fc\u015fteri memnuniyeti ve kalite standartlar\u0131n\u0131 uyguluyoruz.&#8221; box_shadow_hover=&#8221;true&#8221; link=&#8221;url:%23|||&#8221;][\/gsf_slider_container][gsf_space desktop=&#8221;80&#8243; tablet=&#8221;70&#8243; tablet_portrait=&#8221;60&#8243; mobile_landscape=&#8221;50&#8243; mobile=&#8221;50&#8243;][gsf_space desktop=&#8221;110&#8243; tablet=&#8221;70&#8243; tablet_portrait=&#8221;60&#8243; mobile_landscape=&#8221;60&#8243; mobile=&#8221;60&#8243;][\/vc_column][\/vc_row][vc_row bg_overlay_mode=&#8221;color&#8221; disable_element=&#8221;yes&#8221; bg_overlay_color=&#8221;rgba(252,252,252,0.95)&#8221; css=&#8221;.vc_custom_1717527248073{background-image: url(https:\/\/biyikmedya.com\/insaat\/wp-content\/uploads\/2017\/08\/bg-testimonial-1.jpg?id=397) !important;background-position: center !important;background-repeat: no-repeat !important;background-size: cover !important;}&#8221;][vc_column offset=&#8221;vc_col-lg-offset-2 vc_col-lg-8 vc_col-md-12&#8243;][gsf_space desktop=&#8221;96&#8243; tablet=&#8221;80&#8243; tablet_portrait=&#8221;70&#8243; mobile_landscape=&#8221;60&#8243; mobile=&#8221;60&#8243;][gsf_testimonials testimonials_layout=&#8221;avatar-slider-horizontal&#8221; item_active=&#8221;3&#8243; values=&#8221;%5B%7B%22title%22%3A%22A%20Truly%20Amazing%20Exprience%22%2C%22author_bio%22%3A%22%E2%80%9CWe%20have%20carefully%20assembled%20a%20project%20team%20comprised%20of%20the%20nation%E2%80%99s%20top%20laboratory%20design%20and%20building%20professionals%20and%20are%20delighted%20to%20have%20BestBuild%20execute%20our%20vision%20for%20this%20unprecendented%20facility.%E2%80%9D%22%2C%22author_name%22%3A%22John%20Doe%22%2C%22author_job%22%3A%22-%20Project%20Manager%22%2C%22image%22%3A%22395%22%2C%22author_link%22%3A%22%23%22%7D%2C%7B%22title%22%3A%22A%20Truly%20Amazing%20Exprience%22%2C%22author_bio%22%3A%22%E2%80%9CWe%20have%20carefully%20assembled%20a%20project%20team%20comprised%20of%20the%20nation%E2%80%99s%20top%20laboratory%20design%20and%20building%20professionals%20and%20are%20delighted%20to%20have%20BestBuild%20execute%20our%20vision%20for%20this%20unprecendented%20facility.%E2%80%9D%22%2C%22author_name%22%3A%22John%20Doe%22%2C%22author_job%22%3A%22-%20Project%20Manager%22%2C%22image%22%3A%22407%22%2C%22author_link%22%3A%22%23%22%7D%2C%7B%22title%22%3A%22A%20Truly%20Amazing%20Exprience%22%2C%22author_bio%22%3A%22%E2%80%9CWe%20have%20carefully%20assembled%20a%20project%20team%20comprised%20of%20the%20nation%E2%80%99s%20top%20laboratory%20design%20and%20building%20professionals%20and%20are%20delighted%20to%20have%20BestBuild%20execute%20our%20vision%20for%20this%20unprecendented%20facility.%E2%80%9D%22%2C%22author_name%22%3A%22John%20Doe%22%2C%22author_job%22%3A%22-%20Project%20Manager%22%2C%22image%22%3A%22409%22%2C%22author_link%22%3A%22%23%22%7D%2C%7B%22title%22%3A%22A%20Truly%20Amazing%20Exprience%22%2C%22author_bio%22%3A%22%E2%80%9CWe%20have%20carefully%20assembled%20a%20project%20team%20comprised%20of%20the%20nation%E2%80%99s%20top%20laboratory%20design%20and%20building%20professionals%20and%20are%20delighted%20to%20have%20BestBuild%20execute%20our%20vision%20for%20this%20unprecendented%20facility.%E2%80%9D%22%2C%22author_name%22%3A%22John%20Doe%22%2C%22author_job%22%3A%22-%20Project%20Manager%22%2C%22image%22%3A%22408%22%2C%22author_link%22%3A%22%23%22%7D%5D&#8221; autoplaytimeout=&#8221;5000&#8243;][gsf_space desktop=&#8221;224&#8243; tablet=&#8221;200&#8243; tablet_portrait=&#8221;180&#8243; mobile_landscape=&#8221;180&#8243; mobile=&#8221;180&#8243;][\/vc_column][\/vc_row][vc_row disable_element=&#8221;yes&#8221; el_class=&#8221;lg-mg-240,md-mg-100,xs-mg-50,position-relative,top-neg-130,z-index-2&#8243; css=&#8221;.vc_custom_1717526974038{border-top-width: 20px !important;border-right-width: 20px !important;border-bottom-width: 20px !important;border-left-width: 20px !important;background-color: #fcfcfc !important;border-left-color: #ffffff !important;border-left-style: solid !important;border-right-color: #ffffff !important;border-right-style: solid !important;border-top-color: #ffffff !important;border-top-style: solid !important;border-bottom-color: #ffffff !important;border-bottom-style: solid !important;}&#8221;][vc_column][gsf_partner_carousel items=&#8221;6&#8243; opacity=&#8221;90&#8243; items_md=&#8221;-1&#8243; items_sm=&#8221;-1&#8243; items_xs=&#8221;-1&#8243; items_mb=&#8221;-1&#8243; partners=&#8221;%5B%7B%22image%22%3A%221656%22%2C%22link%22%3A%22url%3A%2523%7C%7C%7C%22%7D%2C%7B%22image%22%3A%221657%22%2C%22link%22%3A%22url%3A%2523%7C%7C%7C%22%7D%2C%7B%22image%22%3A%221658%22%2C%22link%22%3A%22url%3A%2523%7C%7C%7C%22%7D%2C%7B%22image%22%3A%221659%22%2C%22link%22%3A%22url%3A%2523%7C%7C%7C%22%7D%2C%7B%22image%22%3A%221660%22%2C%22link%22%3A%22url%3A%2523%7C%7C%7C%22%7D%2C%7B%22image%22%3A%221661%22%2C%22link%22%3A%22url%3A%2523%7C%7C%7C%22%7D%2C%7B%22image%22%3A%221656%22%2C%22link%22%3A%22url%3A%2523%7C%7C%7C%22%7D%5D&#8221;][\/vc_column][\/vc_row][vc_row el_class=&#8221;position-relative,top-neg-60&#8243; css=&#8221;.vc_custom_1717584208662{padding-top: 50px !important;}&#8221;][vc_column][gsf_space desktop=&#8221;55&#8243; tablet=&#8221;40&#8243; tablet_portrait=&#8221;30&#8243; mobile_landscape=&#8221;30&#8243; mobile=&#8221;30&#8243;][gsf_heading sub_title=&#8221;Emiro\u011flu Grup&#8221; local_subtitle=&#8221;subtitle-bottom&#8221; text_align=&#8221;text-center&#8221; css=&#8221;.vc_custom_1721150994034{margin-bottom: 45px !important;}&#8221;]<span style=\"text-transform: uppercase;\"><b>Haberler<\/b><\/span>[\/gsf_heading][gsf_posts post_layout=&#8221;grid-2&#8243; posts_per_page=&#8221;3&#8243; show_cate_filter=&#8221;&#8221; is_slider=&#8221;on&#8221; nav=&#8221;&#8221; autoplay=&#8221;on&#8221; post_animation=&#8221;&#8221; columns=&#8221;3&#8243; columns_md=&#8221;2&#8243; columns_sm=&#8221;2&#8243; columns_xs=&#8221;1&#8243; columns_mb=&#8221;1&#8243; include_heading=&#8221;&#8221; ids=&#8221;&#8221;][gsf_space desktop=&#8221;73&#8243; tablet=&#8221;60&#8243; tablet_portrait=&#8221;60&#8243; mobile_landscape=&#8221;50&#8243; mobile=&#8221;50&#8243;][gsf_button title=&#8221;T\u00fcm Haberler&#8221; color=&#8221;black&#8221; size=&#8221;md&#8221; align=&#8221;center&#8221; link=&#8221;url:https%3A%2F%2Fbiyikmedya.com%2Finsaat%2Fhaberler%2F&#8221;][gsf_space desktop=&#8221;40&#8243; tablet=&#8221;40&#8243; tablet_portrait=&#8221;30&#8243; mobile_landscape=&#8221;30&#8243; mobile=&#8221;30&#8243;][\/vc_column][\/vc_row]<\/p>\n<\/div>","protected":false},"excerpt":{"rendered":"<p>[vc_row][vc_column][rev_slider_vc alias=&#8221;slider-1&#8243; el_class=&#8221;mg-bottom-0&#8243;][\/vc_column][\/vc_row][vc_row bg_overlay_mode=&#8221;color&#8221; bg_overlay_color=&#8221;rgba(252,252,252,0.95)&#8221; css=&#8221;.vc_custom_1502071736066{background-image: url(https:\/\/biyikmedya.com\/insaat\/wp-content\/uploads\/2017\/08\/bg-counter-1.jpg?id=481) !important;background-position: center !important;background-repeat: no-repeat !important;background-size: cover !important;}&#8221;][vc_column][gsf_space desktop=&#8221;100&#8243; tablet=&#8221;80&#8243; tablet_portrait=&#8221;70&#8243; mobile_landscape=&#8221;60&#8243; mobile=&#8221;60&#8243;][\/vc_column][vc_column width=&#8221;1\/3&#8243; offset=&#8221;vc_col-md-offset-1&#8243;][vc_single_image image=&#8221;2541&#8243; img_size=&#8221;large&#8221;][\/vc_column][vc_column width=&#8221;7\/12&#8243; offset=&#8221;vc_col-md-6&#8243;][gsf_heading sub_title=&#8221;&#8221; local_subtitle=&#8221;subtitle-bottom&#8221; text_align=&#8221;text-center&#8221;]Emiro\u011flu gRUP[\/gsf_heading][vc_column_text css=&#8221;.vc_custom_1717419440306{margin-bottom: 45px !important;}&#8221;]G\u00fcn\u00fcm\u00fcz mimari \u00f6zelliklerinin nitelik ve konfor \u00f6nceliklerini konut, i\u015f yeri ve t\u00fcm \u00f6zel projelerine ayr\u0131cal\u0131k kazand\u0131racak \u015fekilde uygulayan Emiro\u011flu Grup, in\u015faat sekt\u00f6r\u00fcn\u00fcn \u00f6nemli markalar\u0131 [&hellip;]<\/p>\n","protected":false},"author":1,"featured_media":0,"parent":0,"menu_order":0,"comment_status":"closed","ping_status":"closed","template":"","meta":{"footnotes":""},"class_list":["post-309","page","type-page","status-publish","hentry"],"_links":{"self":[{"href":"https:\/\/biyikmedya.com\/insaat\/wp-json\/wp\/v2\/pages\/309","targetHints":{"allow":["GET"]}}],"collection":[{"href":"https:\/\/biyikmedya.com\/insaat\/wp-json\/wp\/v2\/pages"}],"about":[{"href":"https:\/\/biyikmedya.com\/insaat\/wp-json\/wp\/v2\/types\/page"}],"author":[{"embeddable":true,"href":"https:\/\/biyikmedya.com\/insaat\/wp-json\/wp\/v2\/users\/1"}],"replies":[{"embeddable":true,"href":"https:\/\/biyikmedya.com\/insaat\/wp-json\/wp\/v2\/comments?post=309"}],"version-history":[{"count":32,"href":"https:\/\/biyikmedya.com\/insaat\/wp-json\/wp\/v2\/pages\/309\/revisions"}],"predecessor-version":[{"id":2561,"href":"https:\/\/biyikmedya.com\/insaat\/wp-json\/wp\/v2\/pages\/309\/revisions\/2561"}],"wp:attachment":[{"href":"https:\/\/biyikmedya.com\/insaat\/wp-json\/wp\/v2\/media?parent=309"}],"curies":[{"name":"wp","href":"https:\/\/api.w.org\/{rel}","templated":true}]}}