{"id":2558,"date":"2024-07-16T20:35:56","date_gmt":"2024-07-16T17:35:56","guid":{"rendered":"https:\/\/biyikmedya.com\/insaat\/?page_id=2558"},"modified":"2024-07-16T20:43:55","modified_gmt":"2024-07-16T17:43:55","slug":"kvkk-aydinlatma-metni","status":"publish","type":"page","link":"https:\/\/biyikmedya.com\/insaat\/kvkk-aydinlatma-metni\/","title":{"rendered":"KVKK Ayd\u0131nlatma Metni"},"content":{"rendered":"<p>0334 0383 2590 0011 MERS\u0130S numaral\u0131 EM\u0130RO\u011eLU GRUP taraf\u0131ndan\u00a0<strong>ad\u0131n\u0131z, soyad\u0131n\u0131z, e-posta adresiniz ve GSM\/telefon numaran\u0131z (\u201c\u0130leti\u015fim Verileriniz\u201d)<\/strong>\u00a0ile bize iletti\u011finiz mesajlar\u0131n\u0131z 6698 say\u0131l\u0131 Ki\u015fisel Verilerin Korunmas\u0131 Kanunu (\u201cKVKK\u201d) 5\u2019inci madde 2\u2019inci f\u0131kras\u0131n\u0131n (d) bendi kapsam\u0131nda taraf\u0131n\u0131zca alenile\u015ftirilmi\u015f olarak \u015fu anda bulundu\u011funuz web sitemizdeki ileti\u015fim formu \u00fczerinden talep ve \u015fikayetlerinizin takibi amac\u0131yla her hal\u00fckarda i\u015flenecektir.<\/p>\n<p>Bunun yan\u0131nda taraf\u0131n\u0131za elektronik ticari elektronik ileti g\u00f6nderilmesi amac\u0131yla 6563 Say\u0131l\u0131 Elektronik Ticaretin D\u00fczenlenmesi Hakk\u0131nda Kanun ve 15 Temmuz 2015 tarihli Ticari \u0130leti\u015fim ve Ticari Elektronik \u0130letiler Hakk\u0131nda Y\u00f6netmelik ile 04 Ocak 2020 Tarihli Ticari\u0307 \u0130leti\u015fim ve Ticari Elektronik \u0130letiler Hakk\u0131nda Y\u00f6netmelikte De\u011fi\u015fiklik Yap\u0131lmas\u0131na Dair Y\u00f6netmelik kapsam\u0131nda hizmet sa\u011flay\u0131c\u0131 s\u0131fat\u0131yla ticari elektronik iletilerin EM\u0130RO\u011eLU GRUP ve tescilli markalar\u0131 taraf\u0131ndan taraf\u0131n\u0131za g\u00f6nderilmesi i\u00e7in verece\u011finiz onay\u0131n\u0131za istinaden \u0130leti\u015fim Verileriniz web sitesi \u00fczerinden i\u015flenecektir, di\u011fer grup \u015firketlerimizce de kullan\u0131lmakta olan merkezi CRM sistemimize aktar\u0131lacakt\u0131r ve taraf\u0131n\u0131za ticari elektronik ileti g\u00f6nderimi reddetme hakk\u0131n\u0131z\u0131 kullan\u0131ncaya kadar devam edecektir. Ticari elektronik ileti g\u00f6nderilmesi i\u00e7in verece\u011finiz onay KVKK 5\u2019inci maddesinin 1\u2019inci f\u0131kras\u0131 kapsam\u0131nda istedi\u011finiz zaman ve herhangi bir s\u0131n\u0131rlamaya gerek olmaks\u0131z\u0131n geri alabilece\u011finiz a\u00e7\u0131k r\u0131zan\u0131z olarak kabul edilmektedir. Bunun yan\u0131nda <strong>\u0130leti\u015fim Verileriniz<\/strong>, yetkili ki\u015fi, kurum ve kurulu\u015flara bilgi verilmesi amac\u0131yla Kanunun 5\u2019inci maddesinin 2\u2019nci f\u0131kras\u0131n\u0131n (a) bendinde yer alan \u201ckanunlarda a\u00e7\u0131k\u00e7a \u00f6ng\u00f6r\u00fclmesi\u201d hukuki sebebine dayanarak \u0130leti Y\u00f6netim Sistemine aktar\u0131lacakt\u0131r.<\/p>\n<p>T\u00fcm bu hususlar hakk\u0131nda KVKK\u2019n\u0131n \u201cilgili ki\u015finin haklar\u0131n\u0131 d\u00fczenleyen\u201d 11\u2019inci maddesi kapsam\u0131ndaki; \u201cKi\u015fisel verilerinizin i\u015flenip i\u015flenmedi\u011fini \u00f6\u011frenme\u201d, \u201cKi\u015fisel verileriniz i\u015flenmi\u015fse buna ili\u015fkin bilgi talep etme\u201d, \u201cKi\u015fisel verilerinizin i\u015flenme amac\u0131n\u0131 ve bunlar\u0131n amac\u0131na uygun kullan\u0131l\u0131p kullan\u0131lmad\u0131\u011f\u0131n\u0131 \u00f6\u011frenme\u201d, \u201cYurt i\u00e7inde veya yurt d\u0131\u015f\u0131nda ki\u015fisel verilerinizin aktar\u0131ld\u0131\u011f\u0131 \u00fc\u00e7\u00fcnc\u00fc ki\u015fileri bilme\u201d, \u201cKi\u015fisel verilerin eksik veya yanl\u0131\u015f i\u015flenmi\u015f olmas\u0131 h\u00e2linde bunlar\u0131n d\u00fczeltilmesini isteme\u201d, \u201cKi\u015fisel verilerin silinmesini veya yok edilmesini isteme\u201d, \u201cKi\u015fisel verilerinizin d\u00fczeltilmesi, silinmesi veya yok edilmesine ili\u015fkin i\u015flemlerin ki\u015fisel verilerinizin aktar\u0131ld\u0131\u011f\u0131 \u00fc\u00e7\u00fcnc\u00fc ki\u015filere bildirilmesini isteme\u201d, \u201c\u0130\u015flenen verilerinizin m\u00fcnhas\u0131ran otomatik sistemler vas\u0131tas\u0131yla analiz edilmesi suretiyle aleyhinize bir sonucun ortaya \u00e7\u0131kmas\u0131na itiraz etme\u201d, \u201cKi\u015fisel verilerinizin kanuna ayk\u0131r\u0131 olarak i\u015flenmesi sebebiyle zarara u\u011framan\u0131z h\u00e2linde zarar\u0131n giderilmesini talep etme\u201d taleplerinizi, KVKK ve Veri Sorumlusuna Ba\u015fvuru Usul ve Esaslar\u0131 Hakk\u0131nda Tebli\u011fe g\u00f6re EM\u0130RO\u011eLU GRUP&#8217;a iletebilirsiniz.<\/p>\n","protected":false},"excerpt":{"rendered":"<p>0334 0383 2590 0011 MERS\u0130S numaral\u0131 EM\u0130RO\u011eLU GRUP taraf\u0131ndan\u00a0ad\u0131n\u0131z, soyad\u0131n\u0131z, e-posta adresiniz ve GSM\/telefon numaran\u0131z (\u201c\u0130leti\u015fim Verileriniz\u201d)\u00a0ile bize iletti\u011finiz mesajlar\u0131n\u0131z 6698 say\u0131l\u0131 Ki\u015fisel Verilerin Korunmas\u0131 Kanunu (\u201cKVKK\u201d) 5\u2019inci madde 2\u2019inci f\u0131kras\u0131n\u0131n (d) bendi kapsam\u0131nda taraf\u0131n\u0131zca alenile\u015ftirilmi\u015f olarak \u015fu anda bulundu\u011funuz web sitemizdeki ileti\u015fim formu \u00fczerinden talep ve \u015fikayetlerinizin takibi amac\u0131yla her hal\u00fckarda i\u015flenecektir. Bunun yan\u0131nda [&hellip;]<\/p>\n","protected":false},"author":1,"featured_media":0,"parent":0,"menu_order":0,"comment_status":"closed","ping_status":"closed","template":"","meta":{"footnotes":""},"class_list":["post-2558","page","type-page","status-publish","hentry"],"_links":{"self":[{"href":"https:\/\/biyikmedya.com\/insaat\/wp-json\/wp\/v2\/pages\/2558","targetHints":{"allow":["GET"]}}],"collection":[{"href":"https:\/\/biyikmedya.com\/insaat\/wp-json\/wp\/v2\/pages"}],"about":[{"href":"https:\/\/biyikmedya.com\/insaat\/wp-json\/wp\/v2\/types\/page"}],"author":[{"embeddable":true,"href":"https:\/\/biyikmedya.com\/insaat\/wp-json\/wp\/v2\/users\/1"}],"replies":[{"embeddable":true,"href":"https:\/\/biyikmedya.com\/insaat\/wp-json\/wp\/v2\/comments?post=2558"}],"version-history":[{"count":2,"href":"https:\/\/biyikmedya.com\/insaat\/wp-json\/wp\/v2\/pages\/2558\/revisions"}],"predecessor-version":[{"id":2560,"href":"https:\/\/biyikmedya.com\/insaat\/wp-json\/wp\/v2\/pages\/2558\/revisions\/2560"}],"wp:attachment":[{"href":"https:\/\/biyikmedya.com\/insaat\/wp-json\/wp\/v2\/media?parent=2558"}],"curies":[{"name":"wp","href":"https:\/\/api.w.org\/{rel}","templated":true}]}}