{"id":254,"date":"2017-07-27T06:27:48","date_gmt":"2017-07-27T06:27:48","guid":{"rendered":"https:\/\/biyikmedya.com\/insaat\/?page_id=254"},"modified":"2024-07-02T13:53:52","modified_gmt":"2024-07-02T10:53:52","slug":"iletisim","status":"publish","type":"page","link":"https:\/\/biyikmedya.com\/insaat\/iletisim\/","title":{"rendered":"\u0130leti\u015fim"},"content":{"rendered":"<div class=\"wpb-content-wrapper\"><p>[vc_row][vc_column][vc_column_text el_class=&#8221;&#8221;]<iframe loading=\"lazy\" style=\"border: 0;\" src=\"https:\/\/www.google.com\/maps\/embed?pb=!1m17!1m12!1m3!1d3011.8327537800637!2d28.782536176423992!3d40.98514292084851!2m3!1f0!2f0!3f0!3m2!1i1024!2i768!4f13.1!3m2!1m1!2zNDDCsDU5JzA2LjUiTiAyOMKwNDcnMDYuNCJF!5e0!3m2!1str!2str!4v1719917489565!5m2!1str!2str\" width=\"100%\" height=\"450\" allowfullscreen=\"allowfullscreen\"><\/iframe>[\/vc_column_text][gsf_space desktop=&#8221;75&#8243; tablet=&#8221;70&#8243; tablet_portrait=&#8221;60&#8243; mobile_landscape=&#8221;50&#8243; mobile=&#8221;40&#8243;][\/vc_column][vc_column width=&#8221;5\/12&#8243; offset=&#8221;vc_col-md-3&#8243;][vc_column_text]<\/p>\n<h5 class=\"fs-13 fw-normal gsf-accent-text mg-top-0 mg-bottom-10\">\u0130leti\u015fim Asistan\u0131<\/h5>\n<h4 class=\"fs-22 mg-top-0 mg-bottom-10\">\u0130leti\u015fim Bilgileri<\/h4>\n<p>[\/vc_column_text][vc_widget_sidebar sidebar_id=&#8221;infocontactus&#8221;][\/vc_column][vc_column width=&#8221;7\/12&#8243; offset=&#8221;vc_col-md-9&#8243;][vc_column_text]<\/p>\n<h5 class=\"fs-13 fw-normal gsf-accent-text mg-top-0 mg-bottom-10\">\u0130leti\u015fim Asistan\u0131<\/h5>\n<h4 class=\"fs-24 mg-top-0 mg-bottom-10 uppercase\"><span class=\"gsf-accent-text \">Bizimle ileti\u015fime ge\u00e7in<\/span><\/h4>\n<p>[\/vc_column_text]\n<div class=\"wpcf7 no-js\" id=\"wpcf7-f957-o1\" lang=\"en-US\" dir=\"ltr\">\n<div class=\"screen-reader-response\"><p role=\"status\" aria-live=\"polite\" aria-atomic=\"true\"><\/p> <ul><\/ul><\/div>\n<form action=\"\/insaat\/wp-json\/wp\/v2\/pages\/254#wpcf7-f957-o1\" method=\"post\" class=\"wpcf7-form init\" aria-label=\"Contact form\" novalidate=\"novalidate\" data-status=\"init\">\n<div style=\"display: none;\">\n<input type=\"hidden\" name=\"_wpcf7\" value=\"957\" \/>\n<input type=\"hidden\" name=\"_wpcf7_version\" value=\"5.9.5\" \/>\n<input type=\"hidden\" name=\"_wpcf7_locale\" value=\"en_US\" \/>\n<input type=\"hidden\" name=\"_wpcf7_unit_tag\" value=\"wpcf7-f957-o1\" \/>\n<input type=\"hidden\" name=\"_wpcf7_container_post\" value=\"0\" \/>\n<input type=\"hidden\" name=\"_wpcf7_posted_data_hash\" value=\"\" \/>\n<\/div>\n<div class=\"g5plus-contact-form clearfix\">\n\t<div class= \"column-2\">\n\t\t<div class=\"ct-name ct-left\">\n\t\t\t<p><span class=\"wpcf7-form-control-wrap\" data-name=\"your-name\"><input size=\"40\" class=\"wpcf7-form-control wpcf7-text wpcf7-validates-as-required\" aria-required=\"true\" aria-invalid=\"false\" placeholder=\"Ad\u0131n\u0131z Soyad\u0131n\u0131z\" value=\"\" type=\"text\" name=\"your-name\" \/><\/span>\n\t\t\t<\/p>\n\t\t<\/div>\n\t\t<div class=\"ct-email ct-right\">\n\t\t\t<p><span class=\"wpcf7-form-control-wrap\" data-name=\"your-email\"><input size=\"40\" class=\"wpcf7-form-control wpcf7-email wpcf7-validates-as-required wpcf7-text wpcf7-validates-as-email\" aria-required=\"true\" aria-invalid=\"false\" placeholder=\"Email Adresiniz\" value=\"\" type=\"email\" name=\"your-email\" \/><\/span>\n\t\t\t<\/p>\n\t\t<\/div>\n\t<\/div>\n\t<div class=\"ct-subject\">\n\t\t<p><span class=\"wpcf7-form-control-wrap\" data-name=\"your-website\"><input size=\"40\" class=\"wpcf7-form-control wpcf7-text\" aria-invalid=\"false\" placeholder=\"Konu\" value=\"\" type=\"text\" name=\"your-website\" \/><\/span>\n\t\t<\/p>\n\t<\/div>\n\t<div>\n\t\t<p><span class=\"wpcf7-form-control-wrap\" data-name=\"your-message\"><textarea cols=\"40\" rows=\"10\" class=\"wpcf7-form-control wpcf7-textarea wpcf7-validates-as-required\" aria-required=\"true\" aria-invalid=\"false\" placeholder=\"Mesaj\u0131n\u0131z\" name=\"your-message\"><\/textarea><\/span>\n\t\t<\/p>\n\t<\/div>\n<\/div>\n<p><span class=\"wpcf7-form-control-wrap\" data-name=\"acceptance-447\"><span class=\"wpcf7-form-control wpcf7-acceptance\"><span class=\"wpcf7-list-item\"><input type=\"checkbox\" name=\"acceptance-447\" value=\"1\" aria-invalid=\"false\" \/><\/span><\/span><\/span><a href=\"https:\/\/biyikmedya.com\/insaat\/kvkk-aydinlatma-metni\/\" target=\"_BLANK\">Ayd\u0131nlatma Metni<\/a>'ni okudum.\n<\/p>\n<div class=\"btn-submit\">\n\t<p><input class=\"wpcf7-form-control wpcf7-submit has-spinner btn btn-black\" type=\"submit\" value=\"G\u00f6nder\" \/>\n\t<\/p>\n<\/div><div class=\"wpcf7-response-output\" aria-hidden=\"true\"><\/div>\n<\/form>\n<\/div>\n[\/vc_column][\/vc_row]<\/p>\n<\/div>","protected":false},"excerpt":{"rendered":"<p>[vc_row][vc_column][vc_column_text el_class=&#8221;&#8221;][\/vc_column_text][gsf_space desktop=&#8221;75&#8243; tablet=&#8221;70&#8243; tablet_portrait=&#8221;60&#8243; mobile_landscape=&#8221;50&#8243; mobile=&#8221;40&#8243;][\/vc_column][vc_column width=&#8221;5\/12&#8243; offset=&#8221;vc_col-md-3&#8243;][vc_column_text] \u0130leti\u015fim Asistan\u0131 \u0130leti\u015fim Bilgileri [\/vc_column_text][vc_widget_sidebar sidebar_id=&#8221;infocontactus&#8221;][\/vc_column][vc_column width=&#8221;7\/12&#8243; offset=&#8221;vc_col-md-9&#8243;][vc_column_text] \u0130leti\u015fim Asistan\u0131 Bizimle ileti\u015fime ge\u00e7in [\/vc_column_text][\/vc_column][\/vc_row]<\/p>\n","protected":false},"author":1,"featured_media":0,"parent":0,"menu_order":0,"comment_status":"closed","ping_status":"closed","template":"","meta":{"footnotes":""},"class_list":["post-254","page","type-page","status-publish","hentry"],"_links":{"self":[{"href":"https:\/\/biyikmedya.com\/insaat\/wp-json\/wp\/v2\/pages\/254","targetHints":{"allow":["GET"]}}],"collection":[{"href":"https:\/\/biyikmedya.com\/insaat\/wp-json\/wp\/v2\/pages"}],"about":[{"href":"https:\/\/biyikmedya.com\/insaat\/wp-json\/wp\/v2\/types\/page"}],"author":[{"embeddable":true,"href":"https:\/\/biyikmedya.com\/insaat\/wp-json\/wp\/v2\/users\/1"}],"replies":[{"embeddable":true,"href":"https:\/\/biyikmedya.com\/insaat\/wp-json\/wp\/v2\/comments?post=254"}],"version-history":[{"count":4,"href":"https:\/\/biyikmedya.com\/insaat\/wp-json\/wp\/v2\/pages\/254\/revisions"}],"predecessor-version":[{"id":2510,"href":"https:\/\/biyikmedya.com\/insaat\/wp-json\/wp\/v2\/pages\/254\/revisions\/2510"}],"wp:attachment":[{"href":"https:\/\/biyikmedya.com\/insaat\/wp-json\/wp\/v2\/media?parent=254"}],"curies":[{"name":"wp","href":"https:\/\/api.w.org\/{rel}","templated":true}]}}